{"id":115,"date":"2013-03-05T13:45:17","date_gmt":"2013-03-05T12:45:17","guid":{"rendered":"https:\/\/allergiejagis.fr\/?page_id=115"},"modified":"2013-03-18T18:04:34","modified_gmt":"2013-03-18T17:04:34","slug":"mentions-legales","status":"publish","type":"page","link":"https:\/\/allergiejagis.fr\/?page_id=115","title":{"rendered":"Mentions l\u00e9gales"},"content":{"rendered":"<h3>\u00c9diteur<\/h3>\n<p>Directeur de la publication : Christine Rolland<br \/>\nAssociation Loi 1901 Asthme &amp; Allergies<br \/>\n66 rue des Tilleuls<br \/>\n92100 Boulogne Billancourt<\/p>\n<p>T\u00e9l. (33 1) 41 31 61 60<br \/>\nFax (33 1) 41 31 61 61<\/p>\n<p><a href=\"http:\/\/asthme-allergies.org\/\" target=\"_blank\">www.asthme-allergies.org<\/a><\/p>\n<h3>Conception, r\u00e9alisation du site internet<\/h3>\n<p>Opinion Valley<br \/>\n<a href=\"http:\/\/www.opinionvalley.com\" target=\"_blank\">www.opinionvalley.com<\/a><\/p>\n<h3>H\u00e9bergement<\/h3>\n<p>OVH<br \/>\n140 Quai du Sartel<br \/>\n59100 Roubaix<br \/>\n<a href=\"http:\/\/www.ovh.com\" target=\"_blank\">www.ovh.com<\/a><\/p>\n<h3>Charte d&rsquo;utilisation du chat du 19 mars 2013 mis en place sur le site www.allergiejagis.org<\/h3>\n<p><strong>1)<\/strong> L\u2019Association Asthmes &amp; Allergies (ci-apr\u00e8s \u00ab\u00a0l\u2019Association\u00a0\u00bb) met \u00e0 disposition des internautes sur le site qu\u2019elle \u00e9dite, accessible \u00e0 l\u2019adresse www.allergiejagis.org, un espace public de discussion directe sur le th\u00e8me de l\u2019allergie chez les jeunes (ci apr\u00e8s le \u00ab\u00a0Chat\u00a0\u00bb), aux conditions d\u00e9finies ci-apr\u00e8s. Ce Chat est mis en place \u00e0 l\u2019occasion de la Journ\u00e9e Fran\u00e7aise de l\u2019Allergie. Des allergologues, une psychologue de l&rsquo;Association Asthme &amp; Allergies, une Conseill\u00e8re en Environnement Int\u00e9rieur et la Directrice de l\u2019Association Asthme &amp; Allergies seront pr\u00e9sents sur le Chat pour r\u00e9pondre aux questions pos\u00e9es par les internautes, dans la mesure du possible et en fonction du nombre de questions pos\u00e9es. <strong>L\u2019internaute est pleinement inform\u00e9 que les r\u00e9ponses apport\u00e9es aux questions pos\u00e9es dans le cadre du Chat sont d\u2019ordre g\u00e9n\u00e9ral, ne constituent pas un avis m\u00e9dical personnalis\u00e9 et ne sauraient en aucun cas se substituer \u00e0 une consultation m\u00e9dicale.<\/strong><br \/>\nL\u2019acc\u00e8s au Chat emporte acceptation pleine et enti\u00e8re de la pr\u00e9sente charte d\u2019utilisation.<\/p>\n<p><strong>2) Acc\u00e8s et inscription <\/strong><br \/>\nLe Chat est accessible \u00e0 tous.<br \/>\nLes \u00ab\u00a0Contributeurs\u00a0\u00bb n\u2019ont pas besoin de s\u2019inscrire au pr\u00e9alable, ni d\u2019indiquer leur adresse mail. Ils indiquent un <strong>pseudonyme<\/strong>. Ils peuvent directement poser leur question et\/ou voir les questions pos\u00e9es par les autres \u00ab\u00a0Contributeurs\u00a0\u00bb et les r\u00e9ponses apport\u00e9es.<br \/>\nL\u2019acc\u00e8s au Chat est ouvert entre 14h00 et 20h00 (heure locale fran\u00e7aise), le 19 mars 2013. Pass\u00e9 ce d\u00e9lai, le Chat sera ferm\u00e9 mais les discussions intervenues pourront \u00eatre conserv\u00e9es par l\u2019Association Asthme &amp; Allergies et figurer sur son site Internet.<br \/>\nL\u2019acc\u00e8s au Chat pourra \u00e0 tout moment \u00eatre arr\u00eat\u00e9 ou suspendu, notamment en raison de difficult\u00e9s techniques.<\/p>\n<p><strong>3) Consultation <\/strong><br \/>\nLes contenus publi\u00e9s sur le Chat sont la propri\u00e9t\u00e9 de leurs auteurs et sont prot\u00e9g\u00e9s par le droit de la propri\u00e9t\u00e9 intellectuelle. L\u2019internaute acc\u00e9dant au Chat s\u2019engage \u00e0 respecter les droits des auteurs. En particulier, l\u2019internaute s\u2019engage \u00e0 ne pas reproduire et diffuser les contributions publi\u00e9es sur ce Chat sur d\u2019autres chats ou d\u2019autres supports, sans l\u2019accord de leurs auteurs, sauf dans les limites autoris\u00e9es par la loi (notamment le droit de courte citation \u00e0 des fins critique, pol\u00e9mique, p\u00e9dagogique, scientifique ou d\u2019information, avec mention du nom de l\u2019auteur).<\/p>\n<p><strong>4) Contribution <\/strong><br \/>\nLe Contributeur publie ses contributions sur le Chat sous sa seule et enti\u00e8re responsabilit\u00e9. Le Contributeur s\u2019engage \u00e0 ce que les contenus qu\u2019il publie sur le Chat ne soient pas contraires aux dispositions l\u00e9gales et\/ou r\u00e9glementaires en vigueur, ni \u00e0 la pr\u00e9sente charte d\u2019utilisation.<br \/>\nNotamment, le Contributeur s\u2019engage \u00e0 ce qu\u2019aucun contenu qu\u2019il publie sur le Chat ne contienne des propos violents, grossiers, injurieux, diffamatoires, racistes, discriminatoire, r\u00e9visionnistes, faisant l\u2019apologie des crimes de guerre, p\u00e9dophiles, incitant au suicide, incitant \u00e0 la discrimination ou \u00e0 la haine, susceptible de porter atteinte \u00e0 l\u2019ordre public ou au respect de la personne humaine et \u00e0 sa dignit\u00e9, encourageant la commission d\u2019actes de terrorisme, de crimes et d\u00e9lits ou le commerce et la consommation de substances interdites. Le Contributeur s\u2019engage \u00e9galement \u00e0 ce qu\u2019aucun contenu qu\u2019il publie sur le Chat ne soit susceptible de porter atteinte \u00e0 des droits de propri\u00e9t\u00e9 intellectuelle d\u00e9tenus par un tiers (par reproduction sans autorisation d\u2019articles de presse ou de messages de tiers par exemple) ou aux droits de la personnalit\u00e9 d\u2019un tiers ou \u00e0 sa vie priv\u00e9e.<br \/>\nLe Contributeur s\u2019engage \u00e0 ne pas divulguer d\u2019informations permettant l\u2019identification nominative de tiers ou de lui-m\u00eame (nom, num\u00e9ro de t\u00e9l\u00e9phone, adresse \u00e9lectronique et postale, etc).<br \/>\nLe Contributeur s\u2019engage \u00e0 ne pas tenter d\u2019induire en erreur les internautes sur sa personnalit\u00e9 en usurpant le nom ou la d\u00e9nomination sociale d\u2019un tiers.<br \/>\nLe Contributeur s\u2019engage \u00e0 ce que ses contributions au Chat soient en lien avec la probl\u00e9matique du Chat.<br \/>\nTout message hors sujet ou contraire aux engagements du Contributeur d\u00e9finis ci-dessus pourra \u00eatre supprim\u00e9 et son contenu d\u00e9nonc\u00e9 aux autorit\u00e9s publiques comp\u00e9tentes.<br \/>\nLe Contributeur garantit l\u2019Association contre tous recours \u00e0 son encontre qui surviendrait \u00e0 la suite d\u2019un manquement du Contributeur \u00e0 ses engagements tels que d\u00e9finis ci-dessus.<br \/>\nLe Contributeur est inform\u00e9 que tout contenu publi\u00e9 sur le Chat est accessible \u00e0 tous et peut faire l\u2019objet d\u2019un r\u00e9f\u00e9rencement par les moteurs de recherche. L\u2019Association ne saurait en aucun cas \u00eatre tenue responsable de l\u2019utilisation qui pourrait \u00eatre faite par un tiers du contenu qui a \u00e9t\u00e9 rendu accessible par le Contributeur sur le Chat.<\/p>\n<p><strong>5) Mod\u00e9ration <\/strong><br \/>\nLe Chat fait l\u2019objet d\u2019une mod\u00e9ration a priori. Les messages seront lus et valid\u00e9s avant leurs publications.<br \/>\nL\u2019Association se r\u00e9serve le droit de supprimer tout contenu qui enfreindrait la pr\u00e9sente charte ainsi que la l\u00e9gislation ou la r\u00e9glementation en vigueur.<\/p>\n<p><strong>6) Donn\u00e9es Personnelles<\/strong><br \/>\nAucune donn\u00e9e ne sera conserv\u00e9e.<\/p>\n<p><strong>7) Disposition G\u00e9n\u00e9rales<\/strong><br \/>\nToute r\u00e9clamation ou demande d\u2019information sur le service de Chat mis \u00e0 disposition par l\u2019Association pourra \u00eatre adress\u00e9e \u00e0 l\u2019adresse suivante asthmeetallergies@gmail.com.<br \/>\nLa pr\u00e9sente charte est soumise \u00e0 la loi fran\u00e7aise. Tout diff\u00e9rend relatif \u00e0 l\u2019interpr\u00e9tation ou l\u2019ex\u00e9cution de cette charte sera soumis aux tribunaux comp\u00e9tents de Paris.<\/p>\n","protected":false},"excerpt":{"rendered":"<p>\u00c9diteur Directeur de la publication : Christine Rolland Association Loi 1901 Asthme &amp; Allergies 66 rue des Tilleuls 92100 Boulogne Billancourt T\u00e9l. (33 1) 41 31 61 60 Fax (33 1) 41 31 61 61 www.asthme-allergies.org Conception, r\u00e9alisation du site internet Opinion Valley www.opinionvalley.com H\u00e9bergement OVH 140 Quai du Sartel 59100 Roubaix www.ovh.com Charte d&rsquo;utilisation [&hellip;]<\/p>\n","protected":false},"author":2,"featured_media":0,"parent":0,"menu_order":0,"comment_status":"open","ping_status":"closed","template":"","meta":{"_acf_changed":false,"jetpack_post_was_ever_published":false,"footnotes":""},"class_list":["post-115","page","type-page","status-publish","hentry"],"acf":[],"jetpack_sharing_enabled":true,"jetpack_shortlink":"https:\/\/wp.me\/P6hvoB-1R","_links":{"self":[{"href":"https:\/\/allergiejagis.fr\/index.php?rest_route=\/wp\/v2\/pages\/115","targetHints":{"allow":["GET"]}}],"collection":[{"href":"https:\/\/allergiejagis.fr\/index.php?rest_route=\/wp\/v2\/pages"}],"about":[{"href":"https:\/\/allergiejagis.fr\/index.php?rest_route=\/wp\/v2\/types\/page"}],"author":[{"embeddable":true,"href":"https:\/\/allergiejagis.fr\/index.php?rest_route=\/wp\/v2\/users\/2"}],"replies":[{"embeddable":true,"href":"https:\/\/allergiejagis.fr\/index.php?rest_route=%2Fwp%2Fv2%2Fcomments&post=115"}],"version-history":[{"count":0,"href":"https:\/\/allergiejagis.fr\/index.php?rest_route=\/wp\/v2\/pages\/115\/revisions"}],"wp:attachment":[{"href":"https:\/\/allergiejagis.fr\/index.php?rest_route=%2Fwp%2Fv2%2Fmedia&parent=115"}],"curies":[{"name":"wp","href":"https:\/\/api.w.org\/{rel}","templated":true}]}}