{"id":112,"date":"2013-03-05T13:44:43","date_gmt":"2013-03-05T12:44:43","guid":{"rendered":"https:\/\/allergiejagis.fr\/?page_id=112"},"modified":"2013-03-18T19:29:37","modified_gmt":"2013-03-18T18:29:37","slug":"contact","status":"publish","type":"page","link":"https:\/\/allergiejagis.fr\/?page_id=112","title":{"rendered":"Contact"},"content":{"rendered":"<div class=\"col-contact\">\n<h3>Association Asthme &amp; Allergies<\/h3>\n<p>66 rue des Tilleuls<br \/>\n92100 Boulogne Billancourt<\/p>\n<p>T\u00e9l. 01 41 31 61 60<br \/>\nFax 01 41 31 61 61<\/p>\n<p><strong>Infos Services<\/strong> : appel gratuit <strong>0 800 19 20 21<\/strong><\/p>\n<p><a href=\"http:\/\/asthme-allergies.org\/\" target=\"_blank\">www.asthme-allergies.org<\/a><\/p>\n<\/div>\n<div class=\"col-contact\">\n<h3>L&rsquo;\u00e9quipe Asthme &amp; Allergies<\/h3>\n<p>Direction<br \/>\n<strong>Christine Rolland<\/strong><br \/>\nch.rolland@asthme-allergies.asso.fr<\/p>\n<p>Administration\/Organisation d&rsquo;\u00e9v\u00e9nements<br \/>\n<strong>Ga\u00eblle Chabas<\/strong><br \/>\ngaelle@asthme-allergies.asso.fr<\/p>\n<p>Presse\/M\u00e9dia\/Communication<br \/>\n<strong>Marie-Caroline<\/strong><br \/>\nmclafay@wanadoo.fr<\/p>\n<\/div>\n<div class=\"col-contact last\">\nNum\u00e9ro vert \/ Conseill\u00e8re patients<br \/>\n<strong>Caroline Autheman<\/strong><br \/>\ncaroline@asthme-allergies.asso.fr<\/p>\n<p>Gestion des adh\u00e9sions\/Commandes de brochures<br \/>\n<strong>Annie Delemarle<\/strong><br \/>\nannie@asthme-allergies.asso.fr<\/p>\n<\/div>\n","protected":false},"excerpt":{"rendered":"<p>Association Asthme &amp; Allergies 66 rue des Tilleuls 92100 Boulogne Billancourt T\u00e9l. 01 41 31 61 60 Fax 01 41 31 61 61 Infos Services : appel gratuit 0 800 19 20 21 www.asthme-allergies.org L&rsquo;\u00e9quipe Asthme &amp; Allergies Direction Christine Rolland ch.rolland@asthme-allergies.asso.fr Administration\/Organisation d&rsquo;\u00e9v\u00e9nements Ga\u00eblle Chabas gaelle@asthme-allergies.asso.fr Presse\/M\u00e9dia\/Communication Marie-Caroline mclafay@wanadoo.fr Num\u00e9ro vert \/ Conseill\u00e8re patients [&hellip;]<\/p>\n","protected":false},"author":2,"featured_media":0,"parent":0,"menu_order":0,"comment_status":"open","ping_status":"closed","template":"","meta":{"_acf_changed":false,"jetpack_post_was_ever_published":false,"footnotes":""},"class_list":["post-112","page","type-page","status-publish","hentry"],"acf":[],"jetpack_sharing_enabled":true,"jetpack_shortlink":"https:\/\/wp.me\/P6hvoB-1O","_links":{"self":[{"href":"https:\/\/allergiejagis.fr\/index.php?rest_route=\/wp\/v2\/pages\/112","targetHints":{"allow":["GET"]}}],"collection":[{"href":"https:\/\/allergiejagis.fr\/index.php?rest_route=\/wp\/v2\/pages"}],"about":[{"href":"https:\/\/allergiejagis.fr\/index.php?rest_route=\/wp\/v2\/types\/page"}],"author":[{"embeddable":true,"href":"https:\/\/allergiejagis.fr\/index.php?rest_route=\/wp\/v2\/users\/2"}],"replies":[{"embeddable":true,"href":"https:\/\/allergiejagis.fr\/index.php?rest_route=%2Fwp%2Fv2%2Fcomments&post=112"}],"version-history":[{"count":0,"href":"https:\/\/allergiejagis.fr\/index.php?rest_route=\/wp\/v2\/pages\/112\/revisions"}],"wp:attachment":[{"href":"https:\/\/allergiejagis.fr\/index.php?rest_route=%2Fwp%2Fv2%2Fmedia&parent=112"}],"curies":[{"name":"wp","href":"https:\/\/api.w.org\/{rel}","templated":true}]}}